{"id":288,"date":"2026-01-04T15:00:25","date_gmt":"2026-01-04T14:00:25","guid":{"rendered":"https:\/\/www.sanktgabriel.de\/?page_id=288"},"modified":"2026-01-05T21:34:49","modified_gmt":"2026-01-05T20:34:49","slug":"gemeindeleben","status":"publish","type":"page","link":"https:\/\/www.sanktgabriel.de\/index.php\/gemeindeleben\/","title":{"rendered":"Gemeindeleben"},"content":{"rendered":"\n<h2 class=\"wp-block-heading\">Gruppen und Initiativen in St. Gabriel<\/h2>\n\n\n\n<h3 class=\"wp-block-heading\">Folgende Gruppen freuen sich auf Ihren Besuch oder Ihr Mitwirken:<\/h3>\n\n\n\n<h4 class=\"wp-block-heading\">Kinder\/Kleinkindergottesdienst:<\/h4>\n\n\n\n<p>N\u00e4heres im Pfarrb\u00fcro &#8211; Tel.: 089 41 95 01 &#8211; 0<\/p>\n\n\n\n<h4 class=\"wp-block-heading\">Familiengottesdienst<\/h4>\n\n\n\n<p>N\u00e4heres im Pfarrb\u00fcro &#8211; Tel.: 089 41 95 01 &#8211; 0<\/p>\n\n\n\n<h4 class=\"wp-block-heading\">Jugendliche (Verantwortlichen Runde):<\/h4>\n\n\n\n<p>Antonius Gerard, Elena Kelbch, Benno K\u00f6rner, Christin Maurus<\/p>\n\n\n\n<h4 class=\"wp-block-heading\">Ministrantengruppe<\/h4>\n\n\n\n<p>N\u00e4heres im Pfarrb\u00fcro &#8211; Tel.: 089 41 95 01 &#8211; 0<\/p>\n\n\n\n<h4 class=\"wp-block-heading\">Lektorenkreis<\/h4>\n\n\n\n<p>N\u00e4heres bei Frau Gabriele Stemmer<\/p>\n\n\n\n<p>Kontakt &#8211; Tel.: 089 41 95 01 &#8211; 12<\/p>\n\n\n\n<h4 class=\"wp-block-heading\">Kirchenmusik<\/h4>\n\n\n\n<p>Ansprechpartner: Kirchenmusiker Herr Pascal Caldara<\/p>\n\n\n\n<p>Kontakt \u00fcber Pfarrb\u00fcro &#8211; Tel.: 089 41 95 01 &#8211; 0, E-Mail:\u00a0<a href=\"mailto:kirchenmusik@sanktgabriel.de\">kirchenmusik@sanktgabriel.de<\/a><\/p>\n\n\n\n<h4 class=\"wp-block-heading\">Gabriel Singers<\/h4>\n\n\n\n<p>Ansprechpartner: Kirchenmusiker Herr Pascal Caldara<\/p>\n\n\n\n<p>Kontakt \u00fcber Pfarrb\u00fcro &#8211; Tel.: 089 41 95 01 &#8211; 0, E-Mail:\u00a0<a href=\"mailto:kirchenmusik@sanktgabriel.de\">kirchenmusik@sanktgabriel.de<\/a><\/p>\n\n\n\n<h4 class=\"wp-block-heading\">Nachmittag der \u00c4lteren<\/h4>\n\n\n\n<p>Ab Ende Oktober bis Ostern einmal monatlich, in der Regel mittwochs, Treffen im Pfarrzentrum.<\/p>\n\n\n\n<p>Ab Ostern bis Oktober finden auch Fahrten statt.<\/p>\n\n\n\n<p>Von Oktober bis Ostern &#8211; au\u00dfer Fasching &#8211; um 14:00 Gottesdienst<\/p>\n\n\n\n<p>N\u00e4heres bei Frau Hilga Wolf &#8211; Tel.: 089 47 64 06<\/p>\n\n\n\n<h4 class=\"wp-block-heading\">Mittwochscaf\u00e9<\/h4>\n\n\n\n<p>Von Oktober bis Ostern w\u00f6chentlich am Mittwoch.<\/p>\n\n\n\n<p>Um 14:00 UHr Hl. Messe, anschlie\u00dfend gem\u00fctliches Beisammensein im Pfarrzentrum.<\/p>\n\n\n\n<p>N\u00e4heres bei Frau Hilga Wolf &#8211; Tel.: 089 47 64 06<\/p>\n\n\n\n<h4 class=\"wp-block-heading\">Helferkreis<\/h4>\n\n\n\n<p>Sprechstunde des Helferkreises, Montag und Donnerstag, 10:00 bis 11:00 Uhr, im Pfarrb\u00fcro.<\/p>\n\n\n\n<p>Au\u00dferhalb der Sprechstunde telefonisch erreichbar unter 089 41 95 01-19 (mit Anrufbeantworter) oder \u00fcber Pfarrb\u00fcro.<\/p>\n\n\n\n<p>N\u00e4heres bei Frau Eva Miller &#8211; Tel.: 089 41 95 01-19<\/p>\n\n\n\n<h4 class=\"wp-block-heading\">Erwachsenenbildung<\/h4>\n\n\n\n<p>N\u00e4heres bei Frau Gabriele Stemmer<\/p>\n\n\n\n<p>Kontakt &#8211; Tel.: 089 41 95 01 &#8211; 12<\/p>\n\n\n\n<h4 class=\"wp-block-heading\">Arbeitskreis Wohnungslose<\/h4>\n\n\n\n<p>Jeweils mtl. zweiter Dienstag (au\u00dfer Ferien), Mittagstisch mit Kleiderausgabe an Wohnungslose und Hartz IV-Empf\u00e4nger.<\/p>\n\n\n\n<p>N\u00e4heres bei Frau Hilga Wolf &#8211; Tel.: 089 47 64 06<\/p>\n\n\n\n<h4 class=\"wp-block-heading\">Pfarrbrief<\/h4>\n\n\n\n<p>Ansprechpartner: Pfarrbriefredaktion<\/p>\n\n\n\n<p>Kontakt &#8211; Tel.: 089 41 95 01 &#8211; 0<\/p>\n\n\n\n<h4 class=\"wp-block-heading\">Au\u00dferdem gibt es verschiedene Arbeitskreise (Sachaussch\u00fcsse des Pfarrgemeinderates). Sie k\u00f6nnen an jeder \u00f6ffentlichen Pfarrgemeinderatssitzung teilnehmen.<\/h4>\n\n\n\n<p>Ehrenamtliche Mitarbeit ist in den verschiedensten Gruppen m\u00f6glich. Bitte nehmen Sie mit dem jeweiligen Ansprechpartner oder dem Pfarrb\u00fcro Kontakt auf.<\/p>\n","protected":false},"excerpt":{"rendered":"<p>Gruppen und Initiativen in St. Gabriel Folgende Gruppen freuen sich auf Ihren Besuch oder Ihr Mitwirken: Kinder\/Kleinkindergottesdienst: N\u00e4heres im Pfarrb\u00fcro &#8211; Tel.: 089 41 95 01 &#8211; 0 Familiengottesdienst N\u00e4heres im Pfarrb\u00fcro &#8211; Tel.: 089 41 95 01 &#8211; 0 &hellip; <a href=\"https:\/\/www.sanktgabriel.de\/index.php\/gemeindeleben\/\">Weiterlesen <span class=\"meta-nav\">&rarr;<\/span><\/a><\/p>\n","protected":false},"author":1,"featured_media":0,"parent":0,"menu_order":0,"comment_status":"closed","ping_status":"closed","template":"","meta":{"_mc_calendar":[],"footnotes":""},"class_list":["post-288","page","type-page","status-publish","hentry"],"_links":{"self":[{"href":"https:\/\/www.sanktgabriel.de\/index.php\/wp-json\/wp\/v2\/pages\/288","targetHints":{"allow":["GET"]}}],"collection":[{"href":"https:\/\/www.sanktgabriel.de\/index.php\/wp-json\/wp\/v2\/pages"}],"about":[{"href":"https:\/\/www.sanktgabriel.de\/index.php\/wp-json\/wp\/v2\/types\/page"}],"author":[{"embeddable":true,"href":"https:\/\/www.sanktgabriel.de\/index.php\/wp-json\/wp\/v2\/users\/1"}],"replies":[{"embeddable":true,"href":"https:\/\/www.sanktgabriel.de\/index.php\/wp-json\/wp\/v2\/comments?post=288"}],"version-history":[{"count":3,"href":"https:\/\/www.sanktgabriel.de\/index.php\/wp-json\/wp\/v2\/pages\/288\/revisions"}],"predecessor-version":[{"id":602,"href":"https:\/\/www.sanktgabriel.de\/index.php\/wp-json\/wp\/v2\/pages\/288\/revisions\/602"}],"wp:attachment":[{"href":"https:\/\/www.sanktgabriel.de\/index.php\/wp-json\/wp\/v2\/media?parent=288"}],"curies":[{"name":"wp","href":"https:\/\/api.w.org\/{rel}","templated":true}]}}