{"id":310,"date":"2026-01-04T15:09:05","date_gmt":"2026-01-04T14:09:05","guid":{"rendered":"https:\/\/www.sanktgabriel.de\/?page_id=310"},"modified":"2026-01-04T15:09:05","modified_gmt":"2026-01-04T14:09:05","slug":"caritas-und-soziales","status":"publish","type":"page","link":"https:\/\/www.sanktgabriel.de\/index.php\/caritas-und-soziales\/","title":{"rendered":"Caritas und Soziales"},"content":{"rendered":"\n<p>In unserer Gemeinde wollen wir allen Menschen die christliche N\u00e4chstenliebe erfahren lassen. Ehrenamtliche und Hauptamtliche setzen sich f\u00fcr Menschen in den unterschiedlichsten Lebens- und Notlagen ein, bieten Hilfe und Unterst\u00fctzung an.<\/p>\n\n\n\n<p>Unsere Dienste sind:<\/p>\n\n\n\n<p><strong>Helferkreis \u201eF\u00fcreinander-Miteinander\u201c:&nbsp;<\/strong>Schnelle praktische, unb\u00fcrokratische Hilfen zur Erleichterung im Alltag, wie z.B. Einkaufen, Begleitungen, Beratungen in sozialen Angelegenheiten (Pflegedienste, Tagespflege, Seniorenheime), Vermittlungen von Essen auf R\u00e4der, Menueservice, Hausnotrufe, Kontakte zu Kranken und \u00c4lteren \u2013 kleine Hilfsdienste, Spazierengehen, Besuche, Vorlesen.<br>Jeweils Montag und Donnerstag von 10.00 bis 11.00 Uhr pers\u00f6nliche Sprechstunden<br>Telefonische erreichbar: 089\/41 95 01 \u2013 19 (der Anrufbeantworter wird zeitnah abgeh\u00f6rt) oder in dringenden F\u00e4llen \u00fcber Pfarrb\u00fcro: 089\/41 95 01 \u2013 0<\/p>\n\n\n\n<p><strong>Arbeitskreis Wohnungslose:&nbsp;<\/strong>mtl. Mittagstisch mit Kleiderausgabe f\u00fcr Wohnungslose und Hartz IV \u2013 Empf\u00e4nger. N\u00e4heres Tel. 089\/47 64 06 oder Pfarrb\u00fcro 089\/41 95 01-0<\/p>\n\n\n\n<p><strong>Besuchsdienste f\u00fcr Kranke u. Krankenbriefe:&nbsp;<\/strong>Unsere Seelsorger kommen auf Wunsch zu den Kranken nach Hause. Mindestens zweimal im Jahr (zu den Hochfesten) werden diese auch durch Ehrenamtliche besucht und mit kleinen Geschenken bedacht. Monatlich erhalten die uns gemeldeten Kranken einen Krankenbrief, damit sie nicht ausgegrenzt sind und der Kontakt zur Gemeinde aufrechterhalten wird.<\/p>\n\n\n\n<p><strong>Besuchsdienst zu Geburtstagen:<\/strong>&nbsp;Senioren werden an runden und halbrunden, Betagte j\u00e4hrlich an ihrem Geburtstagen besucht und ihnen dabei auch ein kleines Pr\u00e4sent \u00fcberreicht. Das kleine Geschenk erfreut sie meist sehr, doch vor allem hat \u201enicht vergessen sein\u201c \u2013 \u201ejemand hat Zeit f\u00fcr mich\u201c viel gr\u00f6\u00dfere Bedeutung f\u00fcr unsere \u00e4lteren Gemeindemitglieder.<\/p>\n\n\n\n<p><strong>Helferkreis zur Caritassammlung:&nbsp;<\/strong>Ehrenamtliche k\u00fcmmern sich um die Caritassammlungen in Vorbereitung und Ausf\u00fchrung. Mit dem Spendenerl\u00f6s kann Menschen in Not aus unserem Gemeindegebiet geholfen werden und gleichzeitig wird die Arbeit des Caritaszentrums Au-Haidhausen-Giesing unterst\u00fctzt.<\/p>\n\n\n\n<p>Eine enge Zusammenarbeit mit dem Caritaszentrum Au-Haidhausen-Giesing und der Sozialstation M\u00fcnchen S\u00fcd-Ost wird gepflegt: 089\/45 87 40 \u2013 0\/32<\/p>\n\n\n\n<p>Um unsere Arbeit f\u00fcr den N\u00e4chsten in Not kontinuierlich weiterf\u00fchren zu k\u00f6nnen, sind wir auf Ihre Spenden angewiesen. Alle Helfer arbeiten unentgeltlich und unterliegen der Schweigepflicht.<\/p>\n\n\n\n<p>Sollten Sie Interesse an einer ehrenamtlichen T\u00e4tigkeit haben, w\u00fcrden wir uns \u00fcber eine Kontaktaufnahme mit unserem Ausschuss \u00fcber das Pfarrb\u00fcro: 089\/41 95 01-0 sehr freuen.<\/p>\n\n\n\n<h3 class=\"wp-block-heading\">N\u00fctzliche Informationsquellen \u00fcber die Caritas<\/h3>\n\n\n\n<p><a href=\"https:\/\/www.erzbistum-muenchen.de\/dioezesanrat\/\">Di\u00f6zesanrat<br><\/a><a href=\"https:\/\/www.caritas-nah-am-naechsten.de\/\">Di\u00f6zesancaritsverband<\/a><\/p>\n","protected":false},"excerpt":{"rendered":"<p>In unserer Gemeinde wollen wir allen Menschen die christliche N\u00e4chstenliebe erfahren lassen. Ehrenamtliche und Hauptamtliche setzen sich f\u00fcr Menschen in den unterschiedlichsten Lebens- und Notlagen ein, bieten Hilfe und Unterst\u00fctzung an. Unsere Dienste sind: Helferkreis \u201eF\u00fcreinander-Miteinander\u201c:&nbsp;Schnelle praktische, unb\u00fcrokratische Hilfen zur &hellip; <a href=\"https:\/\/www.sanktgabriel.de\/index.php\/caritas-und-soziales\/\">Weiterlesen <span class=\"meta-nav\">&rarr;<\/span><\/a><\/p>\n","protected":false},"author":1,"featured_media":0,"parent":0,"menu_order":0,"comment_status":"closed","ping_status":"closed","template":"","meta":{"_mc_calendar":[],"footnotes":""},"class_list":["post-310","page","type-page","status-publish","hentry"],"_links":{"self":[{"href":"https:\/\/www.sanktgabriel.de\/index.php\/wp-json\/wp\/v2\/pages\/310","targetHints":{"allow":["GET"]}}],"collection":[{"href":"https:\/\/www.sanktgabriel.de\/index.php\/wp-json\/wp\/v2\/pages"}],"about":[{"href":"https:\/\/www.sanktgabriel.de\/index.php\/wp-json\/wp\/v2\/types\/page"}],"author":[{"embeddable":true,"href":"https:\/\/www.sanktgabriel.de\/index.php\/wp-json\/wp\/v2\/users\/1"}],"replies":[{"embeddable":true,"href":"https:\/\/www.sanktgabriel.de\/index.php\/wp-json\/wp\/v2\/comments?post=310"}],"version-history":[{"count":1,"href":"https:\/\/www.sanktgabriel.de\/index.php\/wp-json\/wp\/v2\/pages\/310\/revisions"}],"predecessor-version":[{"id":312,"href":"https:\/\/www.sanktgabriel.de\/index.php\/wp-json\/wp\/v2\/pages\/310\/revisions\/312"}],"wp:attachment":[{"href":"https:\/\/www.sanktgabriel.de\/index.php\/wp-json\/wp\/v2\/media?parent=310"}],"curies":[{"name":"wp","href":"https:\/\/api.w.org\/{rel}","templated":true}]}}