{"id":324,"date":"2026-01-04T15:22:37","date_gmt":"2026-01-04T14:22:37","guid":{"rendered":"https:\/\/www.sanktgabriel.de\/?page_id=324"},"modified":"2026-01-04T15:49:53","modified_gmt":"2026-01-04T14:49:53","slug":"die-skaramente","status":"publish","type":"page","link":"https:\/\/www.sanktgabriel.de\/index.php\/die-skaramente\/","title":{"rendered":"Die Sakramente"},"content":{"rendered":"\n<p>In den Glaubensgeschichten der Bibel begegnen Christen dem Wort Gottes, im Gebet k\u00f6nnen sie das Gespr\u00e4ch mit Gott suchen. Doch die Beziehung zwischen Gott und den Menschen ist nicht nur von Worten gepr\u00e4gt, sondern auch durch symbolische Handlungen. Diese leibhaftigen Begegnungen mit Gott sind besondere Heilszeichen, die wir Sakramente nennen. Sakrament bedeutet \u201ereligi\u00f6ses Geheimnis, Weihe, Verpflichtung\u201c. Zentral ist die Weihehandlung beispielsweise durch die Salbung mit \u00d6l oder das Handauflegen.<\/p>\n\n\n\n<p>Durch die Sakramente begegnen Christen der besonderen N\u00e4he Gottes, erfahren seine G\u00fcte und werden in ihrem pers\u00f6nlichen Glaubensweg gest\u00e4rkt. Ihren Ursprung haben die Sakramente im Handeln Jesu Christi. Das, was Jesus vor 2000 Jahren gelehrt und bewirkt hat, wird auch in unserer Lebenswirklichkeit gegenw\u00e4rtig und bedeutsam.<\/p>\n\n\n\n<h4 class=\"wp-block-heading\">Weitere Informationen<\/h4>\n\n\n\n<p>F\u00fcr weitere Informationen zu den verschiedenen Sakramenten k\u00f6nnen sie sich jeweils auf den Seiten des&nbsp;<a href=\"https:\/\/www.erzbistum-muenchen.de\/\">Erzbistums M\u00fcnchen<\/a>&nbsp;informieren.<\/p>\n","protected":false},"excerpt":{"rendered":"<p>In den Glaubensgeschichten der Bibel begegnen Christen dem Wort Gottes, im Gebet k\u00f6nnen sie das Gespr\u00e4ch mit Gott suchen. Doch die Beziehung zwischen Gott und den Menschen ist nicht nur von Worten gepr\u00e4gt, sondern auch durch symbolische Handlungen. Diese leibhaftigen &hellip; <a href=\"https:\/\/www.sanktgabriel.de\/index.php\/die-skaramente\/\">Weiterlesen <span class=\"meta-nav\">&rarr;<\/span><\/a><\/p>\n","protected":false},"author":1,"featured_media":0,"parent":0,"menu_order":0,"comment_status":"closed","ping_status":"closed","template":"","meta":{"_mc_calendar":[],"footnotes":""},"class_list":["post-324","page","type-page","status-publish","hentry"],"_links":{"self":[{"href":"https:\/\/www.sanktgabriel.de\/index.php\/wp-json\/wp\/v2\/pages\/324","targetHints":{"allow":["GET"]}}],"collection":[{"href":"https:\/\/www.sanktgabriel.de\/index.php\/wp-json\/wp\/v2\/pages"}],"about":[{"href":"https:\/\/www.sanktgabriel.de\/index.php\/wp-json\/wp\/v2\/types\/page"}],"author":[{"embeddable":true,"href":"https:\/\/www.sanktgabriel.de\/index.php\/wp-json\/wp\/v2\/users\/1"}],"replies":[{"embeddable":true,"href":"https:\/\/www.sanktgabriel.de\/index.php\/wp-json\/wp\/v2\/comments?post=324"}],"version-history":[{"count":2,"href":"https:\/\/www.sanktgabriel.de\/index.php\/wp-json\/wp\/v2\/pages\/324\/revisions"}],"predecessor-version":[{"id":327,"href":"https:\/\/www.sanktgabriel.de\/index.php\/wp-json\/wp\/v2\/pages\/324\/revisions\/327"}],"wp:attachment":[{"href":"https:\/\/www.sanktgabriel.de\/index.php\/wp-json\/wp\/v2\/media?parent=324"}],"curies":[{"name":"wp","href":"https:\/\/api.w.org\/{rel}","templated":true}]}}