{"id":339,"date":"2026-01-04T15:56:50","date_gmt":"2026-01-04T14:56:50","guid":{"rendered":"https:\/\/www.sanktgabriel.de\/?page_id=339"},"modified":"2026-01-04T15:56:50","modified_gmt":"2026-01-04T14:56:50","slug":"ehe","status":"publish","type":"page","link":"https:\/\/www.sanktgabriel.de\/index.php\/ehe\/","title":{"rendered":"Ehe"},"content":{"rendered":"\n<h3 class=\"wp-block-heading\">Das Sakrament der Ehe<\/h3>\n\n\n\n<p><strong><\/strong><strong><\/strong>Heute m\u00fcssen die jungen Leute ja nicht mehr heiraten, sondern k\u00f6nnen auch ohne Trauschein zusammenleben&#8220;.&nbsp;<br>So oder \u00e4hnlich haben Sie es sicherlich schon oft geh\u00f6rt. Trotzdem entscheiden sich nach wie vor viele Paare, ihrer Liebe durch die Ehe einen \u00f6ffentlichen und verbindlichen Charakter zu geben. F\u00fcr Christinnen und Christen ist es wichtig, ihre Liebe unter den Segen Gottes zu stellen und zu wissen, dass sie auf ihrem gemeinsamen Lebensweg von Gott begleitet werden. Das Sakrament der Ehe bedeutet, dass mit der Hilfe Gottes die Liebe gerettet werden kann, wenn die Partnerschaft zweier Menschen in die Krise ger\u00e4t.<\/p>\n\n\n\n<p>Dieses Sakrament spendet sich das Paar im Traugottesdienst gegenseitig. Nach dem katholischen Eheverst\u00e4ndnis ist die Ehe ein unaufl\u00f6slicher Bund, mit dem das Ehepaar seine Lebensgemeinschaft begr\u00fcndet. Das Brautpaar verspricht sich am Altar die Treue in guten und schlechten Tagen. Zum Sakrament der Ehe geh\u00f6ren die Freiwilligkeit, die \u00dcberzeugung von der Unaufl\u00f6slichkeit, Treue, der Wille zur Elternschaft sowie die Zuwendung Gottes. (Im Gegensatz zur katholischen Kirche versteht die evangelische Kirche die kirchliche Trauung nicht als Sakrament, sondern segnet im Rahmen des Traugottesdienstes die standesamtlich geschlossene Ehe.)<\/p>\n\n\n\n<p>Wenn Sie beabsichtigen, den Bund der Ehe zu schlie\u00dfen, dann melden Sie sich bitte rechtzeitig im Pfarrb\u00fcro, damit der Weg der Vorbereitung und der Termin besprochen werden k\u00f6nnen. Informationen \u00fcber Ehevorbereitungstage bzw. Seminare erhalten Sie am Schriftenstand in unserer Kirche bzw. im Pfarrb\u00fcro.<\/p>\n","protected":false},"excerpt":{"rendered":"<p>Das Sakrament der Ehe Heute m\u00fcssen die jungen Leute ja nicht mehr heiraten, sondern k\u00f6nnen auch ohne Trauschein zusammenleben&#8220;.&nbsp;So oder \u00e4hnlich haben Sie es sicherlich schon oft geh\u00f6rt. Trotzdem entscheiden sich nach wie vor viele Paare, ihrer Liebe durch die &hellip; <a href=\"https:\/\/www.sanktgabriel.de\/index.php\/ehe\/\">Weiterlesen <span class=\"meta-nav\">&rarr;<\/span><\/a><\/p>\n","protected":false},"author":1,"featured_media":0,"parent":0,"menu_order":0,"comment_status":"closed","ping_status":"closed","template":"","meta":{"_mc_calendar":[],"footnotes":""},"class_list":["post-339","page","type-page","status-publish","hentry"],"_links":{"self":[{"href":"https:\/\/www.sanktgabriel.de\/index.php\/wp-json\/wp\/v2\/pages\/339","targetHints":{"allow":["GET"]}}],"collection":[{"href":"https:\/\/www.sanktgabriel.de\/index.php\/wp-json\/wp\/v2\/pages"}],"about":[{"href":"https:\/\/www.sanktgabriel.de\/index.php\/wp-json\/wp\/v2\/types\/page"}],"author":[{"embeddable":true,"href":"https:\/\/www.sanktgabriel.de\/index.php\/wp-json\/wp\/v2\/users\/1"}],"replies":[{"embeddable":true,"href":"https:\/\/www.sanktgabriel.de\/index.php\/wp-json\/wp\/v2\/comments?post=339"}],"version-history":[{"count":1,"href":"https:\/\/www.sanktgabriel.de\/index.php\/wp-json\/wp\/v2\/pages\/339\/revisions"}],"predecessor-version":[{"id":341,"href":"https:\/\/www.sanktgabriel.de\/index.php\/wp-json\/wp\/v2\/pages\/339\/revisions\/341"}],"wp:attachment":[{"href":"https:\/\/www.sanktgabriel.de\/index.php\/wp-json\/wp\/v2\/media?parent=339"}],"curies":[{"name":"wp","href":"https:\/\/api.w.org\/{rel}","templated":true}]}}