{"id":346,"date":"2026-01-04T16:07:00","date_gmt":"2026-01-04T15:07:00","guid":{"rendered":"https:\/\/www.sanktgabriel.de\/?page_id=346"},"modified":"2026-01-04T16:07:00","modified_gmt":"2026-01-04T15:07:00","slug":"kirche","status":"publish","type":"page","link":"https:\/\/www.sanktgabriel.de\/index.php\/kirche\/","title":{"rendered":"Kirche"},"content":{"rendered":"\n<h3 class=\"wp-block-heading\">Entstehungsgeschichte der Kirche<\/h3>\n\n\n\n<p>Die Pfarrei St. Johann Baptist in Haidhausen war um die Jahrhundertwende auf 60.000 Katholiken angewachsen. So ergab sich die dringende Notwendigkeit, neue Seelsorgebezirke zu errichten. Nachdem zuerst die Pfarrei St. Wolfgang abgetrennt worden war, versuchte man auch den Nordosten des \u00fcbergro\u00dfen Gebiets zu entlasten. Dazu gr\u00fcndete man 1911 unter Vorsitz des damaligen Pfarrers von Haidhausen, Georg Widman, den Kirchenbauverein St. Gabriel. Leider machte der Ausbruch des Weltkriegs 1914 und die folgende[nbsp]Inflation allen Bem\u00fchungen ein j\u00e4hes Ende. Die bereits f\u00fcr den Kirchenbau gesammelten Gelder in H\u00f6he von rund 25.000 Mark waren verloren.<\/p>\n\n\n\n<p>Die Notzeit veranla\u00dfte Kardinal Faulhaber, die schwere Last des Kirchenbaus dem Franziskusorden anzuvertrauen, der zur katholischen Welt au\u00dferhalb Deutschlands Verbindungen hatte. So wurde im Mai 1922 der Seelsorgebezirk St. Gabriel mit ca. 10.000 Gl\u00e4ubigen abgegrenzt und im Februar 1923 den Franziskanern \u00fcbertragen. Die alte Haidhauser Friedhofskirche wurde einstweilige Pfarrkirche und Pater Dr. Bertrand B\u00fchler als erster Pfarrer eingef\u00fchrt.<\/p>\n\n\n\n<p>Der Anfang war mit gro\u00dfen Schwierigkeiten verbunden. Erst[nbsp]nach monatelangen Bem\u00fchungen konnten die Patres in der Schneckenburgerstr. 28 eine vorl\u00e4ufige Unterkunft finden. Die alte Haidhauser Kirche war viel zu klein, so dass die Gottesdienste, wenn es die Umst\u00e4nde erlaubten, im Friedhof vor der Kirche gehalten wurden. Unterdessen hatte man mit Hilfe ausl\u00e4ndischer Gelder, die der Pfarrer unter gro\u00dfen M\u00fchen bekommen konnte, eine halbe Million Ziegelsteine angekauft. Ein Franziskanerbruder sammelte den Herbst und Winter hindurch in m\u00fchseligen G\u00e4ngen von Dorf zu Dorf in Oberbayern Bauholz. Zehntausende von Bittbriefen wurden ins In- und Ausland geschrieben. Papst Pius XI. spendete einen wesentliche Betrag. Vor allem die Gl\u00e4ubigen der neuen Pfarrgemeinde, besonders die vielen Mitglieder des Kirchenbauvereins, halfen tatkr\u00e4ftig mit.<\/p>\n\n\n\n<p>Obwohl die Auswirkungen der Inflation es anfangs unm\u00f6glich machten, Kredit zu erhalten, wurde im April 1925 der erste Spatenstich vollzogen. Die Architekten Eduard Herbert und Otto Orlando Kurz hatten die Pl\u00e4ne angefertigt. Am 20.09.1925 wurde die Feier der Grundsteinlegung abgehalten. Mit dem Fortschritt der Bauarbeiten kamen auch zusehends mehr Mittel. Mit Hilfe der Di\u00f6zese (Kirchensteuermittel), sowie mit Krediten einer bayerischen Bank, und Geldern aus Holland und Amerika konnte das Werk weitergef\u00fchrt werden.<\/p>\n\n\n\n<p>Am Sonntag, den 31. Oktober 1926 als zum ersten Mal das Christk\u00f6nigfest gefeiert wurde, erhielt die neuerbaute Kirche durch Kardinal Faulhaber die Weihe.<\/p>\n","protected":false},"excerpt":{"rendered":"<p>Entstehungsgeschichte der Kirche Die Pfarrei St. Johann Baptist in Haidhausen war um die Jahrhundertwende auf 60.000 Katholiken angewachsen. So ergab sich die dringende Notwendigkeit, neue Seelsorgebezirke zu errichten. Nachdem zuerst die Pfarrei St. Wolfgang abgetrennt worden war, versuchte man auch &hellip; <a href=\"https:\/\/www.sanktgabriel.de\/index.php\/kirche\/\">Weiterlesen <span class=\"meta-nav\">&rarr;<\/span><\/a><\/p>\n","protected":false},"author":1,"featured_media":0,"parent":0,"menu_order":0,"comment_status":"closed","ping_status":"closed","template":"","meta":{"_mc_calendar":[],"footnotes":""},"class_list":["post-346","page","type-page","status-publish","hentry"],"_links":{"self":[{"href":"https:\/\/www.sanktgabriel.de\/index.php\/wp-json\/wp\/v2\/pages\/346","targetHints":{"allow":["GET"]}}],"collection":[{"href":"https:\/\/www.sanktgabriel.de\/index.php\/wp-json\/wp\/v2\/pages"}],"about":[{"href":"https:\/\/www.sanktgabriel.de\/index.php\/wp-json\/wp\/v2\/types\/page"}],"author":[{"embeddable":true,"href":"https:\/\/www.sanktgabriel.de\/index.php\/wp-json\/wp\/v2\/users\/1"}],"replies":[{"embeddable":true,"href":"https:\/\/www.sanktgabriel.de\/index.php\/wp-json\/wp\/v2\/comments?post=346"}],"version-history":[{"count":1,"href":"https:\/\/www.sanktgabriel.de\/index.php\/wp-json\/wp\/v2\/pages\/346\/revisions"}],"predecessor-version":[{"id":348,"href":"https:\/\/www.sanktgabriel.de\/index.php\/wp-json\/wp\/v2\/pages\/346\/revisions\/348"}],"wp:attachment":[{"href":"https:\/\/www.sanktgabriel.de\/index.php\/wp-json\/wp\/v2\/media?parent=346"}],"curies":[{"name":"wp","href":"https:\/\/api.w.org\/{rel}","templated":true}]}}