{"id":349,"date":"2026-01-04T16:11:04","date_gmt":"2026-01-04T15:11:04","guid":{"rendered":"https:\/\/www.sanktgabriel.de\/?page_id=349"},"modified":"2026-01-04T16:45:35","modified_gmt":"2026-01-04T15:45:35","slug":"kirchengeschichte-st-gabriel","status":"publish","type":"page","link":"https:\/\/www.sanktgabriel.de\/index.php\/kirchengeschichte-st-gabriel\/","title":{"rendered":"Kirchengeschichte St. Gabriel"},"content":{"rendered":"\n<figure class=\"wp-block-table\"><table class=\"auto\"><tbody><tr><td>1911&nbsp;&nbsp;<\/td><td>&nbsp;<\/td><td>Gr\u00fcndung des Kirchenbauvereins durch den Pfarrer von St. Johann Baptist Haidhausen, Monsignore Georg Widmannt<\/td><\/tr><tr><td>1922<\/td><td>&nbsp;<\/td><td>Abgrenzung des Pfarrbezirks von St. Johann Baptist<\/td><\/tr><tr><td>1923<\/td><td>&nbsp;<\/td><td>\u00dcbertragung und \u00dcbernahme des Pfarrseelsorge durch die bayerischen Franziskaner; Gottesdienste einstweilen in der alten Haidhauser Friedhofskirche<\/td><\/tr><tr><td>1925<\/td><td>12.04<\/td><td>Erster Spatenstich (Ostersonntag)<\/td><\/tr><tr><td>&nbsp;<\/td><td>20.09&nbsp;&nbsp;&nbsp;<\/td><td>Grundsteinlegung durch Domkapitular Matthias Dunstmeier<\/td><\/tr><tr><td>&nbsp;<\/td><td>31.12<\/td><td>Richtfest f\u00fcr Pfarr- und Klostergeb\u00e4ude<\/td><\/tr><\/tbody><\/table><\/figure>\n\n\n\n<div class=\"wp-block-columns alignwide are-vertically-aligned-top is-layout-flex wp-container-core-columns-is-layout-bd0aba32 wp-block-columns-is-layout-flex\">\n<div class=\"wp-block-column is-layout-flow wp-block-column-is-layout-flow\">\n<figure class=\"wp-block-image size-full\"><img loading=\"lazy\" decoding=\"async\" width=\"600\" height=\"399\" src=\"https:\/\/www.sanktgabriel.de\/wp-content\/uploads\/2026\/01\/image002.jpg\" alt=\"\" class=\"wp-image-367\" srcset=\"https:\/\/www.sanktgabriel.de\/wp-content\/uploads\/2026\/01\/image002.jpg 600w, https:\/\/www.sanktgabriel.de\/wp-content\/uploads\/2026\/01\/image002-300x200.jpg 300w\" sizes=\"auto, (max-width: 600px) 100vw, 600px\" \/><figcaption class=\"wp-element-caption\">1925 Baustelle Versailler Stra\u00dfe<\/figcaption><\/figure>\n<\/div>\n\n\n\n<div class=\"wp-block-column is-layout-flow wp-block-column-is-layout-flow\">\n<figure class=\"wp-block-image size-full\"><img loading=\"lazy\" decoding=\"async\" width=\"600\" height=\"312\" src=\"https:\/\/www.sanktgabriel.de\/wp-content\/uploads\/2026\/01\/image004.jpg\" alt=\"\" class=\"wp-image-366\" srcset=\"https:\/\/www.sanktgabriel.de\/wp-content\/uploads\/2026\/01\/image004.jpg 600w, https:\/\/www.sanktgabriel.de\/wp-content\/uploads\/2026\/01\/image004-300x156.jpg 300w\" sizes=\"auto, (max-width: 600px) 100vw, 600px\" \/><figcaption class=\"wp-element-caption\">Hochaltar (1926)\u00a0 \u00a0 \u00a0 \u00a0 \u00a0 \u00a0 \u00a0\u00a0Blick vom Altar zum Eingang (1926)<\/figcaption><\/figure>\n<\/div>\n<\/div>\n\n\n\n<figure class=\"wp-block-table\"><table class=\"auto\"><tbody><tr><td>1926&nbsp;&nbsp;<\/td><td>25.03&nbsp;&nbsp;&nbsp;<\/td><td>Richtfest f\u00fcr die Kirche<\/td><\/tr><tr><td>&nbsp;<\/td><td>28.10<\/td><td>Weihe der sechs Glocken:<\/td><\/tr><tr><td>&nbsp;<\/td><td>&nbsp;<\/td><td>Christk\u00f6nigglocke (68 Ztr.)<\/td><\/tr><tr><td>&nbsp;<\/td><td>&nbsp;<\/td><td>Marienglocke (45 Ztr.)<\/td><\/tr><tr><td>&nbsp;<\/td><td>&nbsp;<\/td><td>Gabrielglocke (32 Ztr.)<\/td><\/tr><tr><td>&nbsp;<\/td><td>&nbsp;<\/td><td>Franziskusglocke (25 Ztr.)<\/td><\/tr><tr><td>&nbsp;<\/td><td>&nbsp;<\/td><td>Annaglocke (12 Ztr.)<\/td><\/tr><tr><td>&nbsp;<\/td><td>&nbsp;<\/td><td>Josefsglocke (9 Ztr.)<\/td><\/tr><tr><td>&nbsp;<\/td><td>&nbsp;<\/td><td>Die Glocken ergaben f\u00fcr die Turmuhr (der Stadt M\u00fcnchen) den Westminsterschlag. Glockengie\u00dferei: Fa. Hahn und Sohn, Landshut<\/td><\/tr><tr><td>&nbsp;<\/td><td>31.10<\/td><td>Weihe der Kirche (L\u00e4nge 82m, Breite 25m, H\u00f6he 23m, Turmh\u00f6he 45m) durch Michael Kardinal von Faulhaber. 50 Vereine aus Haidhausen, Bogenhausen, Au und Berg am Laim waren bei der Weihe anwesend.<\/td><\/tr><tr><td>1927<\/td><td>&nbsp;<\/td><td>Stiftung der Krippe, errichtet an der Stelle, an der sich heute die Kriegskapelle befindet.<\/td><\/tr><tr><td>1930<\/td><td>&nbsp;<\/td><td>Weihe der neuen Orgel und des vergr\u00f6\u00dfrten Hochaltars (Erweiterung um zwei Marmorbl\u00f6cke, R\u00fcckwand mit Leuchterbank und Tabernakel mit dem Motiv: Maria Verk\u00fcndigung)<\/td><\/tr><tr><td>1931<\/td><td><\/td><td>Mosaik (Christk\u00f6nig) in der Apsis<\/td><\/tr><\/tbody><\/table><\/figure>\n\n\n\n<figure class=\"wp-block-image size-full\"><img loading=\"lazy\" decoding=\"async\" width=\"600\" height=\"533\" src=\"https:\/\/www.sanktgabriel.de\/wp-content\/uploads\/2026\/01\/image005.jpg\" alt=\"\" class=\"wp-image-368\" srcset=\"https:\/\/www.sanktgabriel.de\/wp-content\/uploads\/2026\/01\/image005.jpg 600w, https:\/\/www.sanktgabriel.de\/wp-content\/uploads\/2026\/01\/image005-300x267.jpg 300w\" sizes=\"auto, (max-width: 600px) 100vw, 600px\" \/><figcaption class=\"wp-element-caption\">Christk\u00f6nigsmosaik in der Apsis (1944 zerst\u00f6rt)<\/figcaption><\/figure>\n\n\n\n<figure class=\"wp-block-table\"><table class=\"auto\"><tbody><tr><td>1932&nbsp;&nbsp;&nbsp;<\/td><td>&nbsp;<\/td><td>Kanzel und 4 Seitenalt\u00e4re aus Marmor (vorher Holz, Mosaik am Marian- und Josefsaltar)<\/td><\/tr><tr><td>1936<\/td><td>&nbsp;<\/td><td>Kreuzweg (Freskomalerei)<\/td><\/tr><tr><td>1938<\/td><td>&nbsp;<\/td><td>Kirchenrenovierung, Werktagsmessen und Andachten in der Unterkirche (Pfarrsaal = Franziskussaal)<\/td><\/tr><tr><td>1942<\/td><td>&nbsp;<\/td><td>Neuer Antoniusaltar (R\u00fcckwand) von Roland Friedrichsen Ablieferung der 5 gro\u00dfen Glocken f\u00fcr Kriegszwecke; nur die kleinste, die Josefsglocke blieb. Zerst\u00f6rung der Glasfenster (Glasgem\u00e4lde im Presbyterium, beim Antonius- und Franziskusaltar)<\/td><\/tr><tr><td>1943<\/td><td>&nbsp;<\/td><td>Fliegersch\u00e4den an Kirche und Kloster (Dach und 2. Stock ausgebrannt)<\/td><\/tr><tr><td>1944<\/td><td>13.06&nbsp;&nbsp;&nbsp;<\/td><td>Zerst\u00f6rung des Presbyteriums (Hochaltar und Leuchter) einschlie\u00dflich Sakristei und Mesnerwohnung. Die Sakristei wird in die Diele des Klosters verlegt.<\/td><\/tr><tr><td>&nbsp;<\/td><td>04.10<\/td><td>Einsturz der Kuppel (durch Sprengung?) Durchbruch bis in die Unterkirche<\/td><\/tr><tr><td>&nbsp;<\/td><td>Nov.<\/td><td>Errichtung einer 18m hohen Bretterwand (am Beginn der Seitenschiffe) und einer Notbeleuchtung zur Wiederbenutzung des Hauptschiffes in der Kirche (bis 1948)<\/td><\/tr><\/tbody><\/table><\/figure>\n\n\n\n<figure class=\"wp-block-image size-full\"><img loading=\"lazy\" decoding=\"async\" width=\"600\" height=\"351\" src=\"https:\/\/www.sanktgabriel.de\/wp-content\/uploads\/2026\/01\/image007.jpg\" alt=\"\" class=\"wp-image-373\" srcset=\"https:\/\/www.sanktgabriel.de\/wp-content\/uploads\/2026\/01\/image007.jpg 600w, https:\/\/www.sanktgabriel.de\/wp-content\/uploads\/2026\/01\/image007-300x176.jpg 300w\" sizes=\"auto, (max-width: 600px) 100vw, 600px\" \/><\/figure>\n\n\n\n<figure class=\"wp-block-image size-full\"><img loading=\"lazy\" decoding=\"async\" width=\"600\" height=\"373\" src=\"https:\/\/www.sanktgabriel.de\/wp-content\/uploads\/2026\/01\/image006.jpg\" alt=\"\" class=\"wp-image-372\" srcset=\"https:\/\/www.sanktgabriel.de\/wp-content\/uploads\/2026\/01\/image006.jpg 600w, https:\/\/www.sanktgabriel.de\/wp-content\/uploads\/2026\/01\/image006-300x187.jpg 300w\" sizes=\"auto, (max-width: 600px) 100vw, 600px\" \/><\/figure>\n\n\n\n<figure class=\"wp-block-table\"><table class=\"auto\"><tbody><tr><td>1945<\/td><td>&nbsp;<\/td><td>Der Kirchturm brennt. Der Dachstuhl der Kirche kann noch gerettet werden.<\/td><\/tr><tr><td>&nbsp;<\/td><td>01.05<\/td><td>Errichtung eines Notaltars vor der Bretterwand; erste Maiandacht nach Einmarsch der Amerikaner<\/td><\/tr><tr><td>1946&nbsp;&nbsp;<\/td><td>&#8211; 1948&nbsp;&nbsp;&nbsp;&nbsp;<\/td><td>Schuttr\u00e4umung durch freiwillige Helfer. Die Mosaiksteine werden gesammelt. Wiederaufbau des Presbyteriums ohne Kuppel und Apsismosaik, der Unterkirche sowie des Sakristeigeb\u00e4udes einschlie\u00dflich Mesnerwohnung, Erneuerung des Mosaiks am Marienaltar.<\/td><\/tr><tr><td>1948<\/td><td>31.10<\/td><td>Weihe der 6 Alt\u00e4re durch die Weihbisch\u00f6fe Scharnagel und Neuh\u00e4usler<\/td><\/tr><tr><td>1954<\/td><td>M\u00e4rz<\/td><td>Anschaffung von neuen (Stahl-)Glocken, die Guss-Stahl-Glocken erhielten die Namen; Gabriel, Maria Assumpta, Franziskus und Antonius Wert: 8.180,00 DM (zum Teil gestiftet) Damit haben wir mit der alten Josefsglocke wieder ein feierliches Gel\u00e4ute von f\u00fcnf Glocken. Die Glocken wurden am Palmsonntag geweiht und l\u00e4uteten erstmals am Karsamstag zur (damaligen) Auferstehungsfeier, \u00fcbertragen vom Bayerischen Rundfunk.<\/td><\/tr><tr><td>1956<\/td><td>&nbsp;<\/td><td>Errichtung der Kriegskapelle &#8218;Kreuzabnahme&#8216; v. P. Hubert Mehlst\u00e4ubl, OFM<\/td><\/tr><tr><td>1957<\/td><td>&nbsp;<\/td><td>Neuer Franziskusaltar von Roland Friedrichsen<\/td><\/tr><tr><td>1959<\/td><td>&nbsp;<\/td><td>Kirchenrenovierung im Hinblick auf den Eucharistischen Weltkongress 1960 in M\u00fcnchen, Einbau einer elektrischen Heizung und Lautsprecheranlage<\/td><\/tr><tr><td>1965<\/td><td>&nbsp;<\/td><td>Provisorische Neugestaltung des Altarraums im Sinne des II. Vatikanischen Konzils. Abtragung der Kommunionbank (Marmor) und des Sakramentaltares (jetzt Priestersitz), Errichtung der gro\u00dfen Altarinsel (aus Holz) als Mitte der Gemeinde.<\/td><\/tr><tr><td>1966<\/td><td>&nbsp;<\/td><td>Erstellung der neuen elektrischen Turmuhr einschlie\u00dflich Vergoldung der Zifferbl\u00e4tter und Zeiger durch die Stadt M\u00fcnchen, Vergoldung der Windfahne (Engel mit Tuba)<\/td><\/tr><tr><td>1970<\/td><td>17.10<\/td><td>Weihe der neuen gro\u00dfen Orgel (40 Register) und der kleinen Chororgel im Altarraum (Fa. Walcker)<\/td><\/tr><\/tbody><\/table><\/figure>\n\n\n\n<figure class=\"wp-block-image size-full\"><img loading=\"lazy\" decoding=\"async\" width=\"600\" height=\"440\" src=\"https:\/\/www.sanktgabriel.de\/wp-content\/uploads\/2026\/01\/image008.jpg\" alt=\"\" class=\"wp-image-374\" srcset=\"https:\/\/www.sanktgabriel.de\/wp-content\/uploads\/2026\/01\/image008.jpg 600w, https:\/\/www.sanktgabriel.de\/wp-content\/uploads\/2026\/01\/image008-300x220.jpg 300w\" sizes=\"auto, (max-width: 600px) 100vw, 600px\" \/><\/figure>\n\n\n\n<figure class=\"wp-block-table\"><table class=\"auto\"><tbody><tr><td>1972<\/td><td>&nbsp;&nbsp;&nbsp;&nbsp;&nbsp;&nbsp;&nbsp;&nbsp;&nbsp;&nbsp;&nbsp;&nbsp;&nbsp;&nbsp;&nbsp;<\/td><td>Renovierung des Pfarrsaales; Einbau einer L\u00fcftungsanlage<\/td><\/tr><tr><td>1973<\/td><td>&nbsp;<\/td><td>Renovierung der Jugendr\u00e4ume<\/td><\/tr><tr><td>1975<\/td><td>&nbsp;<\/td><td>Erneuerung der Kirchentreppe (Juli bis Oktober) mit Einbau des Absatzes und der Gel\u00e4nder; Ankauf einer Erweiterungsfl\u00e4che von der Stadt M\u00fcnchen<\/td><\/tr><tr><td>1976<\/td><td>&nbsp;<\/td><td>Innenrenovierung des Pfarrklosters mit Einbau einer Wohnung f\u00fcr kirchliches Personal in den bisherigen Sprechzimmern im Erdgeschoss (M\u00e4rz bis Juli)<\/td><\/tr><tr><td>1978<\/td><td>&nbsp;<\/td><td>Sanierung des Hausschwammbefalles im Pfarrsaal (nur Franziskussaal)<\/td><\/tr><tr><td>1979<\/td><td>&nbsp;<\/td><td>Neubau des Pfarrheims mit Hausmeisterwohnung an der Braystra\u00dfe 15 (Richtfest 26.\/27.04.), Einweihung durch Regionalbischof Tewes am 2.12.; die f\u00fcr sp\u00e4ter geplante Kegelbahn wurde auf Empfehlung des Baubetreuers gleich mit eingebaut, da ein nachtr\u00e4glicher Einbau ca. 40% teurer gekommen w\u00e4re; Kegelbahn ab Dezember in Betrieb<\/td><\/tr><\/tbody><\/table><\/figure>\n\n\n\n<figure class=\"wp-block-image size-full\"><img loading=\"lazy\" decoding=\"async\" width=\"600\" height=\"385\" src=\"https:\/\/www.sanktgabriel.de\/wp-content\/uploads\/2026\/01\/image009.jpg\" alt=\"\" class=\"wp-image-375\" srcset=\"https:\/\/www.sanktgabriel.de\/wp-content\/uploads\/2026\/01\/image009.jpg 600w, https:\/\/www.sanktgabriel.de\/wp-content\/uploads\/2026\/01\/image009-300x193.jpg 300w\" sizes=\"auto, (max-width: 600px) 100vw, 600px\" \/><\/figure>\n\n\n\n<figure class=\"wp-block-table\"><table class=\"auto\"><tbody><tr><td>1980<\/td><td>&nbsp;<\/td><td>Erneuerung der D\u00e4cher von Kirche, Kloster und Sakristeigeb\u00e4ude<\/td><\/tr><tr><td>1981<\/td><td>&nbsp;<\/td><td>Behebung der restlichen Kriegssch\u00e4den an den Au\u00dfenmauern; Beginn der Renovierung mit neuer runder Altarinsel, Priestersitz und Altar (Max Faller); neue Beichtst\u00fchle, neue Beleuchtung und Teilrenovierung der Orgel, Entfernung von Kanzel, Marien- und Josefsaltar, Entfernung der vier Chorst\u00fchle im Presbyterium sowie von drei Bankreihen vorne und hinten in der Kirche<\/td><\/tr><tr><td>1982<\/td><td>21.03<\/td><td>Weihe des neuen Altars als Abschlu\u00df der Kirchenrenovierung durch Regionalbischof Tewes<\/td><\/tr><tr><td>1986<\/td><td>27.07<\/td><td>Verabschiedung der Bayerischen Franziskaner<\/td><\/tr><tr><td>&nbsp;<\/td><td>14.09<\/td><td>\u00dcbernahme der Pfarrseelsorge durch die Kroatischen Franziskaner<\/td><\/tr><tr><td>1987\/88<\/td><td>&nbsp;<\/td><td>Umbau des Klosters f\u00fcr die Patres und Schwestern<\/td><\/tr><tr><td>1990\/91<\/td><td>&nbsp;<\/td><td>Umbau des Jugendheims (jetzt Teestube) durch das Baureferat<\/td><\/tr><tr><td>1991<\/td><td>&nbsp;<\/td><td>Neue Lautsprecheranlage f\u00fcr die Kirche mit H\u00f6rschleife f\u00fcr Behinderte<\/td><\/tr><tr><td>1995\/96<\/td><td>&nbsp;<\/td><td>Gr\u00f6\u00dfere Orgelreparaturen<\/td><\/tr><tr><td>1999<\/td><td>&nbsp;<\/td><td>Neubau einer (Erdgas-)Heizung f\u00fcr die Kirche, Entfernung der alten (\u00d6l-)Heizung und des \u00d6ltanks<\/td><\/tr><tr><td>2001<\/td><td>&nbsp;<\/td><td>Reparaturen an allen 5 Glocken, Renovierung und Reinigung der kleinen Chororgel beim Antoniusaltar<\/td><\/tr><tr><td>2003<\/td><td>&nbsp;<\/td><td>Jahr der Bibel (Ausstellung alter und neuer Bibeln in St. Gabriel) Planung und Einrichtung einer Werktagskapelle im Alten Refektorium des Klosters<\/td><\/tr><tr><td>2004<\/td><td>&nbsp;<\/td><td>Renovierung der Taufkapelle, Einbau einer Elektroheizung, neue Bestuhlung<\/td><\/tr><tr><td>2006\/07<\/td><td>&nbsp;<\/td><td>Sanierung und Restaurierung der 20 Kirchens\u00e4ulen<\/td><\/tr><tr><td>2007<\/td><td>&nbsp;<\/td><td>Einbau einer Pellets-Heizung f\u00fcr Kloster und Pfarrheim<\/td><\/tr><\/tbody><\/table><\/figure>\n","protected":false},"excerpt":{"rendered":"<p>1911&nbsp;&nbsp; &nbsp; Gr\u00fcndung des Kirchenbauvereins durch den Pfarrer von St. Johann Baptist Haidhausen, Monsignore Georg Widmannt 1922 &nbsp; Abgrenzung des Pfarrbezirks von St. Johann Baptist 1923 &nbsp; \u00dcbertragung und \u00dcbernahme des Pfarrseelsorge durch die bayerischen Franziskaner; Gottesdienste einstweilen in der &hellip; <a href=\"https:\/\/www.sanktgabriel.de\/index.php\/kirchengeschichte-st-gabriel\/\">Weiterlesen <span class=\"meta-nav\">&rarr;<\/span><\/a><\/p>\n","protected":false},"author":1,"featured_media":0,"parent":0,"menu_order":0,"comment_status":"closed","ping_status":"closed","template":"","meta":{"_mc_calendar":[],"footnotes":""},"class_list":["post-349","page","type-page","status-publish","hentry"],"_links":{"self":[{"href":"https:\/\/www.sanktgabriel.de\/index.php\/wp-json\/wp\/v2\/pages\/349","targetHints":{"allow":["GET"]}}],"collection":[{"href":"https:\/\/www.sanktgabriel.de\/index.php\/wp-json\/wp\/v2\/pages"}],"about":[{"href":"https:\/\/www.sanktgabriel.de\/index.php\/wp-json\/wp\/v2\/types\/page"}],"author":[{"embeddable":true,"href":"https:\/\/www.sanktgabriel.de\/index.php\/wp-json\/wp\/v2\/users\/1"}],"replies":[{"embeddable":true,"href":"https:\/\/www.sanktgabriel.de\/index.php\/wp-json\/wp\/v2\/comments?post=349"}],"version-history":[{"count":18,"href":"https:\/\/www.sanktgabriel.de\/index.php\/wp-json\/wp\/v2\/pages\/349\/revisions"}],"predecessor-version":[{"id":376,"href":"https:\/\/www.sanktgabriel.de\/index.php\/wp-json\/wp\/v2\/pages\/349\/revisions\/376"}],"wp:attachment":[{"href":"https:\/\/www.sanktgabriel.de\/index.php\/wp-json\/wp\/v2\/media?parent=349"}],"curies":[{"name":"wp","href":"https:\/\/api.w.org\/{rel}","templated":true}]}}